{"id":185,"date":"2024-04-03T10:49:55","date_gmt":"2024-04-03T09:49:55","guid":{"rendered":"https:\/\/pildisild.com\/?page_id=185"},"modified":"2025-03-30T11:00:59","modified_gmt":"2025-03-30T08:00:59","slug":"tingimused","status":"publish","type":"page","link":"https:\/\/pildisild.com\/index.php\/tingimused\/","title":{"rendered":"Tingimused"},"content":{"rendered":"\n<div class=\"wp-block-uagb-container uagb-block-245392a9 alignwide uagb-is-root-container\">\n<div class=\"wp-block-uagb-advanced-heading uagb-block-32fbcedc\"><h1 class=\"uagb-heading-text\">Tingimused<\/h1><\/div>\n\n\n\n<div class=\"wp-block-uagb-advanced-heading uagb-block-f71fd6d6\"><h3 class=\"uagb-heading-text\">Fotode kasutamine ja autori\u00f5igus<\/h3><\/div>\n\n\n\n<p style=\"line-height:1.6\">Fotode autori\u00f5igus kuulub vaikimisi Pildisild O\u00dc-le, kes omab \u00f5igust kasutada pilte fotograafi veebisaidil, sotsiaalmeedia platvormidel, uudiskirjades, n\u00e4itustel ja prinditud reklaammaterjalidel, kui klient pole kokku leppinud teisiti. Kliendi kohustus on teavitada fotograafi p\u00e4ringu etapis juhul, kui ta ei soovi anda fotode kasutus\u00f5igust fotograafile. Kliendil on lubatud kasutada fotosid isiklikul otstarbel piiramatu ajaperioodi v\u00e4ltel, kuid meedias v\u00f5i reklaamimise eesm\u00e4rgil kasutamiseks tuleb eelnevalt saada fotograafiga luba.<\/p>\n\n\n\n<div class=\"wp-block-uagb-advanced-heading uagb-block-6b0981c4\"><h3 class=\"uagb-heading-text\">Fotode t\u00f6\u00f6tlus<\/h3><\/div>\n\n\n\n<p style=\"line-height:1.6\">T\u00f6\u00f6tlusesse minevate failide valiku teeb fotograaf. T\u00f6\u00f6tlemata fotosid s\u00e4ilitatakse Pildisild O\u00dc andmekandjal \u00fche aasta jooksul alates pildistamise kuup\u00e4evast, t\u00f6\u00f6deldud fotosid s\u00e4ilitatakse \u00fche kuu jooksul alates t\u00f6\u00f6 \u00fcleandmise kuup\u00e4evast.<\/p>\n\n\n\n<div class=\"wp-block-uagb-advanced-heading uagb-block-d95761a9\"><h3 class=\"uagb-heading-text\">\u00dcleandmine, vastuv\u00f5tmine<\/h3><\/div>\n\n\n\n<p style=\"line-height:1.6\">T\u00f6\u00f6 valmimisel ja p\u00e4rast tasu t\u00e4ies ulatuses tasumist annab Pildisild O\u00dc t\u00f6\u00f6 tellijale l\u00f5plikult tervikuna \u00fcle. Tellija saab alla laadida oma fotod \u00fche n\u00e4dala jooksul. \u00dcleandmisele kuulub \u00fcksnes l\u00f5ppv\u00e4ljund, l\u00e4hte- ega t\u00f6\u00f6faile tellijale \u00fcle ei anta.<\/p>\n\n\n\n<p style=\"line-height:1.6\">Tellija peab viivitamatult \u00fcle vaatama ja kinnitama vastuv\u00f5etud t\u00f6\u00f6 n\u00f5uetele vastavust v\u00f5i esitama pretensioonid \u00fche n\u00e4dala jooksul kirjalikult. Kui pretensioone ei esitata nimetatud perioodil, loetakse t\u00f6\u00f6 vastuv\u00f5etuks.<\/p>\n\n\n\n<p style=\"line-height:1.6\">T\u00f6\u00f6 juhusliku h\u00e4vimise ja kahjustumise risk l\u00e4heb tellijale \u00fcle t\u00f6\u00f6 \u00fcleandmise v\u00f5i vastuv\u00f5tmise hetkel, olenevalt sellest, kumb toimub varem.<\/p>\n\n\n\n<div class=\"wp-block-uagb-advanced-heading uagb-block-e7361e85\"><h4 class=\"uagb-heading-text\">Viitamine<\/h4><\/div>\n\n\n\n<p style=\"line-height:1.6\">Pildi autori nimele viitamine on hea tava ning annab pildile lisav\u00e4\u00e4rtust. Kui kasutusviis ei v\u00f5imalda autori nime esitamist, siis viitamine pole kohustuslik.<\/p>\n\n\n\n<p>Broneeringu tegemisel v\u00f5i ostu sooritamisel kinnitad oma n\u00f5usolekut eespool nimetatud tingimustega.<\/p>\n\n\n\n<p class=\"has-small-font-size\">Uuendatud 01.03.2024<\/p>\n<\/div>\n\n\n\n<p><\/p>\n","protected":false},"excerpt":{"rendered":"<p>Tingimused Fotode kasutamine ja autori\u00f5igus Fotode autori\u00f5igus kuulub vaikimisi Pildisild O\u00dc-le, kes omab \u00f5igust kasutada pilte fotograafi veebisaidil, sotsiaalmeedia platvormidel, [&hellip;]<\/p>\n","protected":false},"author":1,"featured_media":0,"parent":0,"menu_order":0,"comment_status":"closed","ping_status":"closed","template":"","meta":{"_uag_custom_page_level_css":"","site-sidebar-layout":"default","site-content-layout":"","ast-site-content-layout":"default","site-content-style":"default","site-sidebar-style":"default","ast-global-header-display":"","ast-banner-title-visibility":"","ast-main-header-display":"","ast-hfb-above-header-display":"","ast-hfb-below-header-display":"","ast-hfb-mobile-header-display":"","site-post-title":"disabled","ast-breadcrumbs-content":"","ast-featured-img":"","footer-sml-layout":"","ast-disable-related-posts":"","theme-transparent-header-meta":"","adv-header-id-meta":"","stick-header-meta":"","header-above-stick-meta":"","header-main-stick-meta":"","header-below-stick-meta":"","astra-migrate-meta-layouts":"default","ast-page-background-enabled":"default","ast-page-background-meta":{"desktop":{"background-color":"var(--ast-global-color-4)","background-image":"","background-repeat":"repeat","background-position":"center center","background-size":"auto","background-attachment":"scroll","background-type":"","background-media":"","overlay-type":"","overlay-color":"","overlay-opacity":"","overlay-gradient":""},"tablet":{"background-color":"","background-image":"","background-repeat":"repeat","background-position":"center center","background-size":"auto","background-attachment":"scroll","background-type":"","background-media":"","overlay-type":"","overlay-color":"","overlay-opacity":"","overlay-gradient":""},"mobile":{"background-color":"","background-image":"","background-repeat":"repeat","background-position":"center center","background-size":"auto","background-attachment":"scroll","background-type":"","background-media":"","overlay-type":"","overlay-color":"","overlay-opacity":"","overlay-gradient":""}},"ast-content-background-meta":{"desktop":{"background-color":"var(--ast-global-color-5)","background-image":"","background-repeat":"repeat","background-position":"center center","background-size":"auto","background-attachment":"scroll","background-type":"","background-media":"","overlay-type":"","overlay-color":"","overlay-opacity":"","overlay-gradient":""},"tablet":{"background-color":"var(--ast-global-color-5)","background-image":"","background-repeat":"repeat","background-position":"center center","background-size":"auto","background-attachment":"scroll","background-type":"","background-media":"","overlay-type":"","overlay-color":"","overlay-opacity":"","overlay-gradient":""},"mobile":{"background-color":"var(--ast-global-color-5)","background-image":"","background-repeat":"repeat","background-position":"center center","background-size":"auto","background-attachment":"scroll","background-type":"","background-media":"","overlay-type":"","overlay-color":"","overlay-opacity":"","overlay-gradient":""}},"footnotes":""},"class_list":["post-185","page","type-page","status-publish","hentry"],"spectra_custom_meta":{"_edit_lock":["1752921643:1"],"_uag_custom_page_level_css":[""],"site-post-title":["disabled"],"theme-transparent-header-meta":[""],"adv-header-id-meta":[""],"stick-header-meta":[""],"footnotes":[""],"_edit_last":["1"],"_yoast_wpseo_focuskw":["Fototeenuste pakkumise vastuv\u00f5tmise tingimused"],"_yoast_wpseo_metadesc":["Enne tellimuse vormistamist on hea tutvuda vaikimisi kehtivate koost\u00f6\u00f6 tingimustega, et v\u00e4ltida edaspidi arusaamatusi."],"_yoast_wpseo_linkdex":["45"],"_yoast_wpseo_content_score":["90"],"_yoast_wpseo_estimated-reading-time-minutes":["1"],"_yoast_wpseo_wordproof_timestamp":[""],"rank_math_analytic_object_id":["9"],"_uag_css_file_name":["uag-css-185.css"],"_uag_page_assets":["a:9:{s:3:\"css\";s:11679:\".wp-block-uagb-container{display:flex;position:relative;box-sizing:border-box;transition-property:box-shadow;transition-duration:0.2s;transition-timing-function:ease}.wp-block-uagb-container .spectra-container-link-overlay{bottom:0;left:0;position:absolute;right:0;top:0;z-index:10}.wp-block-uagb-container.uagb-is-root-container{margin-left:auto;margin-right:auto}.wp-block-uagb-container.alignfull.uagb-is-root-container .uagb-container-inner-blocks-wrap{display:flex;position:relative;box-sizing:border-box;margin-left:auto !important;margin-right:auto !important}.wp-block-uagb-container .wp-block-uagb-blockquote,.wp-block-uagb-container .wp-block-spectra-pro-login,.wp-block-uagb-container .wp-block-spectra-pro-register{margin:unset}.wp-block-uagb-container .uagb-container__video-wrap{height:100%;width:100%;top:0;left:0;position:absolute;overflow:hidden;-webkit-transition:opacity 1s;-o-transition:opacity 1s;transition:opacity 1s}.wp-block-uagb-container .uagb-container__video-wrap video{max-width:100%;width:100%;height:100%;margin:0;line-height:1;border:none;display:inline-block;vertical-align:baseline;-o-object-fit:cover;object-fit:cover;background-size:cover}.wp-block-uagb-container.uagb-layout-grid{display:grid;width:100%}.wp-block-uagb-container.uagb-layout-grid>.uagb-container-inner-blocks-wrap{display:inherit;width:inherit}.wp-block-uagb-container.uagb-layout-grid>.uagb-container-inner-blocks-wrap>.wp-block-uagb-container{max-width:unset !important;width:unset !important}.wp-block-uagb-container.uagb-layout-grid>.wp-block-uagb-container{max-width:unset !important;width:unset !important}.wp-block-uagb-container.uagb-layout-grid.uagb-is-root-container{margin-left:auto;margin-right:auto}.wp-block-uagb-container.uagb-layout-grid.uagb-is-root-container>.wp-block-uagb-container{max-width:unset !important;width:unset !important}.wp-block-uagb-container.uagb-layout-grid.alignwide.uagb-is-root-container{margin-left:auto;margin-right:auto}.wp-block-uagb-container.uagb-layout-grid.alignfull.uagb-is-root-container .uagb-container-inner-blocks-wrap{display:inherit;position:relative;box-sizing:border-box;margin-left:auto !important;margin-right:auto !important}body .wp-block-uagb-container>.uagb-container-inner-blocks-wrap>*:not(.wp-block-uagb-container):not(.wp-block-uagb-column):not(.wp-block-uagb-container):not(.wp-block-uagb-section):not(.uagb-container__shape):not(.uagb-container__video-wrap):not(.wp-block-spectra-pro-register):not(.wp-block-spectra-pro-login):not(.uagb-slider-container):not(.spectra-image-gallery__control-lightbox):not(.wp-block-uagb-info-box),body .wp-block-uagb-container>.uagb-container-inner-blocks-wrap,body .wp-block-uagb-container>*:not(.wp-block-uagb-container):not(.wp-block-uagb-column):not(.wp-block-uagb-container):not(.wp-block-uagb-section):not(.uagb-container__shape):not(.uagb-container__video-wrap):not(.wp-block-spectra-pro-register):not(.wp-block-spectra-pro-login):not(.uagb-slider-container):not(.spectra-container-link-overlay):not(.spectra-image-gallery__control-lightbox):not(.wp-block-uagb-lottie):not(.uagb-faq__outer-wrap){min-width:unset !important;width:100%;position:relative}body .ast-container .wp-block-uagb-container>.uagb-container-inner-blocks-wrap>.wp-block-uagb-container>ul,body .ast-container .wp-block-uagb-container>.uagb-container-inner-blocks-wrap>.wp-block-uagb-container ol,body .ast-container .wp-block-uagb-container>.uagb-container-inner-blocks-wrap>ul,body .ast-container .wp-block-uagb-container>.uagb-container-inner-blocks-wrap ol{max-width:-webkit-fill-available;margin-block-start:0;margin-block-end:0;margin-left:20px}.ast-plain-container .editor-styles-wrapper .block-editor-block-list__layout.is-root-container .uagb-is-root-container.wp-block-uagb-container.alignwide{margin-left:auto;margin-right:auto}.uagb-container__shape{overflow:hidden;position:absolute;left:0;width:100%;line-height:0;direction:ltr}.uagb-container__shape-top{top:-3px}.uagb-container__shape-bottom{bottom:-3px}.uagb-container__shape.uagb-container__invert.uagb-container__shape-bottom,.uagb-container__shape.uagb-container__invert.uagb-container__shape-top{-webkit-transform:rotate(180deg);-ms-transform:rotate(180deg);transform:rotate(180deg)}.uagb-container__shape.uagb-container__shape-flip svg{transform:translateX(-50%) rotateY(180deg)}.uagb-container__shape svg{display:block;width:-webkit-calc(100% + 1.3px);width:calc(100% + 1.3px);position:relative;left:50%;-webkit-transform:translateX(-50%);-ms-transform:translateX(-50%);transform:translateX(-50%)}.uagb-container__shape .uagb-container__shape-fill{-webkit-transform-origin:center;-ms-transform-origin:center;transform-origin:center;-webkit-transform:rotateY(0deg);transform:rotateY(0deg)}.uagb-container__shape.uagb-container__shape-above-content{z-index:9;pointer-events:none}.nv-single-page-wrap .nv-content-wrap.entry-content .wp-block-uagb-container.alignfull{margin-left:calc(50% - 50vw);margin-right:calc(50% - 50vw)}@media only screen and (max-width: 767px){.wp-block-uagb-container .wp-block-uagb-advanced-heading{width:-webkit-fill-available}}.wp-block-uagb-image--align-none{justify-content:center}\n.wp-block-uagb-advanced-heading h1,.wp-block-uagb-advanced-heading h2,.wp-block-uagb-advanced-heading h3,.wp-block-uagb-advanced-heading h4,.wp-block-uagb-advanced-heading h5,.wp-block-uagb-advanced-heading h6,.wp-block-uagb-advanced-heading p,.wp-block-uagb-advanced-heading div{word-break:break-word}.wp-block-uagb-advanced-heading .uagb-heading-text{margin:0}.wp-block-uagb-advanced-heading .uagb-desc-text{margin:0}.wp-block-uagb-advanced-heading .uagb-separator{font-size:0;border-top-style:solid;display:inline-block;margin:0 0 10px 0}.wp-block-uagb-advanced-heading .uagb-highlight{color:#f78a0c;border:0;transition:all 0.3s ease}.uag-highlight-toolbar{border-left:0;border-top:0;border-bottom:0;border-radius:0;border-right-color:#1e1e1e}.uag-highlight-toolbar .components-button{border-radius:0;outline:none}.uag-highlight-toolbar .components-button.is-primary{color:#fff}\n.wp-block-uagb-container.uagb-block-245392a9 .uagb-container__shape-top svg{width: calc( 100% + 1.3px );}.wp-block-uagb-container.uagb-block-245392a9 .uagb-container__shape.uagb-container__shape-top .uagb-container__shape-fill{fill: rgba(51,51,51,1);}.wp-block-uagb-container.uagb-block-245392a9 .uagb-container__shape-bottom svg{width: calc( 100% + 1.3px );}.wp-block-uagb-container.uagb-block-245392a9 .uagb-container__shape.uagb-container__shape-bottom .uagb-container__shape-fill{fill: rgba(51,51,51,1);}.wp-block-uagb-container.uagb-block-245392a9 .uagb-container__video-wrap video{opacity: 1;}.wp-block-uagb-container.uagb-is-root-container .uagb-block-245392a9{max-width: 100%;width: 100%;}.wp-block-uagb-container.uagb-block-245392a9{box-shadow: 0px 0px   #00000070 ;padding-top: 5px;padding-bottom: 5px;padding-left: 5px;padding-right: 5px;margin-top:  !important;margin-bottom:  !important;overflow: visible;order: initial;border-color: inherit;flex-direction: column;align-items: center;justify-content: center;flex-wrap: nowrap;row-gap: 10px;column-gap: 5px;}.wp-block-uagb-advanced-heading.uagb-block-32fbcedc.wp-block-uagb-advanced-heading .uagb-heading-text{color: #4b3873;}.wp-block-uagb-advanced-heading.uagb-block-32fbcedc.wp-block-uagb-advanced-heading {padding-top: 20px;padding-right: 0px;padding-bottom: 20px;padding-left: 0px;}.wp-block-uagb-advanced-heading.uagb-block-32fbcedc.wp-block-uagb-advanced-heading .uagb-desc-text{margin-bottom: 15px;}.wp-block-uagb-advanced-heading.uagb-block-32fbcedc.wp-block-uagb-advanced-heading .uagb-highlight{font-style: normal;font-weight: Default;background: #007cba;color: #fff;-webkit-text-fill-color: #fff;}.wp-block-uagb-advanced-heading.uagb-block-32fbcedc.wp-block-uagb-advanced-heading .uagb-highlight::-moz-selection{color: #fff;background: #007cba;-webkit-text-fill-color: #fff;}.wp-block-uagb-advanced-heading.uagb-block-32fbcedc.wp-block-uagb-advanced-heading .uagb-highlight::selection{color: #fff;background: #007cba;-webkit-text-fill-color: #fff;}.wp-block-uagb-advanced-heading.uagb-block-f71fd6d6.wp-block-uagb-advanced-heading .uagb-desc-text{margin-bottom: 15px;}.wp-block-uagb-advanced-heading.uagb-block-f71fd6d6.wp-block-uagb-advanced-heading .uagb-highlight{font-style: normal;font-weight: Default;background: #007cba;color: #fff;-webkit-text-fill-color: #fff;}.wp-block-uagb-advanced-heading.uagb-block-f71fd6d6.wp-block-uagb-advanced-heading .uagb-highlight::-moz-selection{color: #fff;background: #007cba;-webkit-text-fill-color: #fff;}.wp-block-uagb-advanced-heading.uagb-block-f71fd6d6.wp-block-uagb-advanced-heading .uagb-highlight::selection{color: #fff;background: #007cba;-webkit-text-fill-color: #fff;}.wp-block-uagb-advanced-heading.uagb-block-6b0981c4.wp-block-uagb-advanced-heading .uagb-desc-text{margin-bottom: 15px;}.wp-block-uagb-advanced-heading.uagb-block-6b0981c4.wp-block-uagb-advanced-heading .uagb-highlight{font-style: normal;font-weight: Default;background: #007cba;color: #fff;-webkit-text-fill-color: #fff;}.wp-block-uagb-advanced-heading.uagb-block-6b0981c4.wp-block-uagb-advanced-heading .uagb-highlight::-moz-selection{color: #fff;background: #007cba;-webkit-text-fill-color: #fff;}.wp-block-uagb-advanced-heading.uagb-block-6b0981c4.wp-block-uagb-advanced-heading .uagb-highlight::selection{color: #fff;background: #007cba;-webkit-text-fill-color: #fff;}.wp-block-uagb-advanced-heading.uagb-block-d95761a9.wp-block-uagb-advanced-heading .uagb-desc-text{margin-bottom: 15px;}.wp-block-uagb-advanced-heading.uagb-block-d95761a9.wp-block-uagb-advanced-heading .uagb-highlight{font-style: normal;font-weight: Default;background: #007cba;color: #fff;-webkit-text-fill-color: #fff;}.wp-block-uagb-advanced-heading.uagb-block-d95761a9.wp-block-uagb-advanced-heading .uagb-highlight::-moz-selection{color: #fff;background: #007cba;-webkit-text-fill-color: #fff;}.wp-block-uagb-advanced-heading.uagb-block-d95761a9.wp-block-uagb-advanced-heading .uagb-highlight::selection{color: #fff;background: #007cba;-webkit-text-fill-color: #fff;}.wp-block-uagb-advanced-heading.uagb-block-e7361e85.wp-block-uagb-advanced-heading .uagb-desc-text{margin-bottom: 15px;}.wp-block-uagb-advanced-heading.uagb-block-e7361e85.wp-block-uagb-advanced-heading .uagb-highlight{font-style: normal;font-weight: Default;background: #007cba;color: #fff;-webkit-text-fill-color: #fff;}.wp-block-uagb-advanced-heading.uagb-block-e7361e85.wp-block-uagb-advanced-heading .uagb-highlight::-moz-selection{color: #fff;background: #007cba;-webkit-text-fill-color: #fff;}.wp-block-uagb-advanced-heading.uagb-block-e7361e85.wp-block-uagb-advanced-heading .uagb-highlight::selection{color: #fff;background: #007cba;-webkit-text-fill-color: #fff;}@media only screen and (max-width: 976px) {.wp-block-uagb-container.uagb-is-root-container .uagb-block-245392a9{width: 100%;}.wp-block-uagb-container.uagb-block-245392a9{padding-top: 5px;padding-bottom: 5px;padding-left: 5px;padding-right: 5px;margin-top:  !important;margin-bottom:  !important;order: initial;}}@media only screen and (max-width: 767px) {.wp-block-uagb-container.uagb-is-root-container .uagb-block-245392a9{max-width: 100%;width: 100%;}.wp-block-uagb-container.uagb-block-245392a9{padding-top: 5px;padding-bottom: 5px;padding-left: 5px;padding-right: 5px;margin-top:  !important;margin-bottom:  !important;order: initial;flex-wrap: wrap;}}.uag-blocks-common-selector{z-index:var(--z-index-desktop) !important}@media (max-width: 976px){.uag-blocks-common-selector{z-index:var(--z-index-tablet) !important}}@media (max-width: 767px){.uag-blocks-common-selector{z-index:var(--z-index-mobile) !important}}\n\";s:2:\"js\";s:0:\"\";s:18:\"current_block_list\";a:10:{i:0;s:14:\"uagb\/container\";i:1;s:21:\"uagb\/advanced-heading\";i:2;s:14:\"core\/paragraph\";i:3;s:11:\"core\/search\";i:4;s:10:\"core\/group\";i:5;s:12:\"core\/heading\";i:6;s:17:\"core\/latest-posts\";i:7;s:20:\"core\/latest-comments\";i:8;s:13:\"core\/archives\";i:9;s:15:\"core\/categories\";}s:8:\"uag_flag\";b:1;s:11:\"uag_version\";i:1775455399;s:6:\"gfonts\";a:0:{}s:10:\"gfonts_url\";s:0:\"\";s:12:\"gfonts_files\";a:0:{}s:14:\"uag_faq_layout\";b:0;}"]},"uagb_featured_image_src":{"full":false,"thumbnail":false,"medium":false,"medium_large":false,"large":false,"1536x1536":false,"2048x2048":false},"uagb_author_info":{"display_name":"pildisild.com","author_link":"https:\/\/pildisild.com\/index.php\/author\/lightsteelblue-turkey-272126-hostingersite-com\/"},"uagb_comment_info":0,"uagb_excerpt":"Tingimused Fotode kasutamine ja autori\u00f5igus Fotode autori\u00f5igus kuulub vaikimisi Pildisild O\u00dc-le, kes omab \u00f5igust kasutada pilte fotograafi veebisaidil, sotsiaalmeedia platvormidel, [&hellip;]","_links":{"self":[{"href":"https:\/\/pildisild.com\/index.php\/wp-json\/wp\/v2\/pages\/185","targetHints":{"allow":["GET"]}}],"collection":[{"href":"https:\/\/pildisild.com\/index.php\/wp-json\/wp\/v2\/pages"}],"about":[{"href":"https:\/\/pildisild.com\/index.php\/wp-json\/wp\/v2\/types\/page"}],"author":[{"embeddable":true,"href":"https:\/\/pildisild.com\/index.php\/wp-json\/wp\/v2\/users\/1"}],"replies":[{"embeddable":true,"href":"https:\/\/pildisild.com\/index.php\/wp-json\/wp\/v2\/comments?post=185"}],"version-history":[{"count":6,"href":"https:\/\/pildisild.com\/index.php\/wp-json\/wp\/v2\/pages\/185\/revisions"}],"predecessor-version":[{"id":769,"href":"https:\/\/pildisild.com\/index.php\/wp-json\/wp\/v2\/pages\/185\/revisions\/769"}],"wp:attachment":[{"href":"https:\/\/pildisild.com\/index.php\/wp-json\/wp\/v2\/media?parent=185"}],"curies":[{"name":"wp","href":"https:\/\/api.w.org\/{rel}","templated":true}]}}