{"id":205,"date":"2024-04-03T13:10:55","date_gmt":"2024-04-03T12:10:55","guid":{"rendered":"https:\/\/pildisild.com\/?page_id=205"},"modified":"2024-04-03T13:12:11","modified_gmt":"2024-04-03T12:12:11","slug":"privaatsuspoliitika","status":"publish","type":"page","link":"https:\/\/pildisild.com\/index.php\/privaatsuspoliitika\/","title":{"rendered":"Privaatsuspoliitika"},"content":{"rendered":"\n<div class=\"wp-block-uagb-advanced-heading uagb-block-6faf1bdd\"><h1 class=\"uagb-heading-text\">Privaatsuspoliitika<\/h1><\/div>\n\n\n\n<p>Pildisild O\u00dc veebisait kuulub Pildisild O\u00dc-le, kes on teie isikuandmete vastutav t\u00f6\u00f6tleja.<\/p>\n\n\n\n<p>Oleme vastu v\u00f5tnud k\u00e4esoleva privaatsuspoliitika, mis m\u00e4\u00e4rab, kuidas me Pildisild O\u00dc kogutud teavet t\u00f6\u00f6tleme, mis toob v\u00e4lja ka p\u00f5hjused, miks me peame koguma teie kohta teatud isikuandmeid. Seet\u00f5ttu peate enne Pildisild O\u00dc veebilehe kasutamist tutvuma k\u00e4esoleva privaatsuspoliitikaga.<\/p>\n\n\n\n<p>Hoolitseme teie isikuandmete eest ja kohustume tagama nende konfidentsiaalsuse ja turvalisuse.<\/p>\n\n\n\n<div class=\"wp-block-uagb-advanced-heading uagb-block-60a3168f\"><h4 class=\"uagb-heading-text\">Isikuandmed, mida kogume:<\/h4><\/div>\n\n\n\n<p>Kui k\u00fclastate Pildisild O\u00dc-d, kogume teie seadme kohta automaatselt teatud teavet, sealhulgas teavet teie veebibrauseri, IP-aadressi, ajav\u00f6\u00f6ndi ja m\u00f5nede teie seadmesse installitud k\u00fcpsiste kohta. Lisaks kogume saiti sirvides teavet \u00fcksikute veebilehtede v\u00f5i toodete kohta, mida vaatate, millised veebisaidid v\u00f5i otsinguterminid teid saidile viitasid ja kuidas te saidiga suhtlete. Me nimetame seda automaatselt kogutud teavet &#8220;seadme teabeks&#8221;. Lisaks v\u00f5ime lepingu t\u00e4itmiseks koguda registreerimise ajal meile edastatud isikuandmeid (sh nimi, perekonnanimi, aadress, makseteave jne), kuid mitte ainult.<\/p>\n\n\n\n<div class=\"wp-block-uagb-advanced-heading uagb-block-d5012c70\"><h4 class=\"uagb-heading-text\">Miks me teie andmeid t\u00f6\u00f6tleme?<\/h4><\/div>\n\n\n\n<p>Meie prioriteet on klientide andmete turvalisus ja seet\u00f5ttu v\u00f5ime t\u00f6\u00f6delda vaid minimaalselt kasutajaandmeid, vaid nii palju, kui see on veebilehe hooldamiseks h\u00e4davajalik. Automaatselt kogutud teavet kasutatakse ainult v\u00f5imalike kuritarvitamise juhtumite tuvastamiseks ja statistilise teabe kogumiseks veebisaidi kasutamise kohta. Seda statistilist teavet ei koondata muul viisil nii, et see tuvastaks konkreetse s\u00fcsteemi kasutaja.<\/p>\n\n\n\n<p>V\u00f5ite k\u00fclastada veebisaiti meile \u00fctlemata, kes te olete, v\u00f5i avaldamata teavet, mille p\u00f5hjal keegi v\u00f5iks teid tuvastada kui konkreetset tuvastatavat isikut. Kui soovite siiski kasutada m\u00f5nda veebisaidi funktsiooni v\u00f5i soovite saada meie uudiskirja v\u00f5i esitada muid \u00fcksikasju, t\u00e4ites vormi, v\u00f5ite esitada meile isikuandmeid, nagu teie e-posti aadress, eesnimi, perekonnanimi, linn. elukoht, organisatsioon, telefoninumber. V\u00f5ite meile oma isikuandmeid mitte esitada, kuid siis ei pruugi teil olla v\u00f5imalik m\u00f5nda veebisaidi funktsiooni \u00e4ra kasutada. N\u00e4iteks ei saa te meie uudiskirja ega meiega otse veebisaidilt \u00fchendust v\u00f5tta. Kasutajad, kes pole kindlad, milline teave on kohustuslikud, on oodatud meiega \u00fchendust v\u00f5tma meiliaadressil heililaul@gmail.com.<\/p>\n\n\n\n<div class=\"wp-block-uagb-advanced-heading uagb-block-e474ca03\"><h4 class=\"uagb-heading-text\">Teie \u00f5igused:<\/h4><\/div>\n\n\n\n<p>Kui olete Euroopa elanik, on teil oma isikuandmetega seotud j\u00e4rgmised \u00f5igused:<\/p>\n\n\n\n<ul class=\"wp-block-list\">\n<li>\u00d5igus olla informeeritud.<\/li>\n\n\n\n<li>Juurdep\u00e4\u00e4su\u00f5igus.<\/li>\n\n\n\n<li>\u00d5igus parandada.<\/li>\n\n\n\n<li>\u00d5igus kustutada.<\/li>\n\n\n\n<li>\u00d5igus piirata t\u00f6\u00f6tlemist.<\/li>\n\n\n\n<li>\u00d5igus andmete teisaldatavusele.<\/li>\n\n\n\n<li>\u00d5igus esitada vastuv\u00e4iteid.<\/li>\n<\/ul>\n\n\n\n<p>\u00d5igused seoses automatiseeritud otsuste tegemise ja profiilide koostamisega.<\/p>\n\n\n\n<p>Kui soovite seda \u00f5igust kasutada, v\u00f5tke meiega \u00fchendust allolevate kontaktandmete kaudu.<\/p>\n\n\n\n<p>Lisaks paneme t\u00e4hele, et kui olete Euroopa elanik, siis me t\u00f6\u00f6tleme teie teavet teiega s\u00f5lmitud lepingute t\u00e4itmiseks (n\u00e4iteks kui teete saidi kaudu tellimuse) v\u00f5i muul viisil meie loetletud \u00f5igustatud \u00e4rihuvide t\u00e4itmiseks. eespool. Lisaks pange t\u00e4hele, et teie teavet v\u00f5idakse edastada v\u00e4ljapoole Euroopat, sealhulgas Kanadasse ja Ameerika \u00dchendriikidesse.<\/p>\n\n\n\n<div class=\"wp-block-uagb-advanced-heading uagb-block-65dcab19\"><h4 class=\"uagb-heading-text\">Lingid teistele veebisaitidele:<\/h4><\/div>\n\n\n\n<p>Meie veebisait v\u00f5ib sisaldada linke teistele veebisaitidele, mis ei ole meie omanduses ega kontrolli all. Pange t\u00e4hele, et me ei vastuta selliste muude veebisaitide ega kolmandate isikute privaatsustavade eest. Soovitame teil meie veebisaidilt lahkudes olla teadlik ja lugeda iga veebisaidi privaatsusavaldusi, mis v\u00f5ivad koguda isikuandmeid.<\/p>\n\n\n\n<div class=\"wp-block-uagb-advanced-heading uagb-block-870b4401\"><h4 class=\"uagb-heading-text\">Infoturbe:<\/h4><\/div>\n\n\n\n<p>Turvame teie arvutiserverites edastatava teabe kontrollitud ja turvalises keskkonnas, mis on kaitstud volitamata juurdep\u00e4\u00e4su, kasutamise v\u00f5i avalikustamise eest. Me rakendame m\u00f5istlikke administratiivseid, tehnilisi ja f\u00fc\u00fcsilisi kaitsemeetmeid, et kaitsta oma kontrolli ja j\u00e4relevalve all volitamata juurdep\u00e4\u00e4su, kasutamise, muutmise ja isikuandmete avaldamise eest. Siiski ei saa garanteerida andmeedastust Interneti v\u00f5i traadita v\u00f5rgu kaudu.<\/p>\n\n\n\n<div class=\"wp-block-uagb-advanced-heading uagb-block-41de1b78\"><h4 class=\"uagb-heading-text\">Juriidiline avalikustamine:<\/h4><\/div>\n\n\n\n<p>Avaldame kogu teabe, mida kogume, kasutame v\u00f5i saame, kui see on seadusega n\u00f5utud v\u00f5i lubatud, n\u00e4iteks kohtukutse v\u00f5i sarnase juriidilise protsessi t\u00e4itmiseks, ja kui usume heas usus, et avaldamine on vajalik meie \u00f5iguste kaitsmiseks, teie turvalisuse kaitsmiseks v\u00f5i teiste turvalisust, uurida pettusi v\u00f5i vastata valitsuse taotlusele.<\/p>\n\n\n\n<div class=\"wp-block-uagb-advanced-heading uagb-block-fde98cf4\"><h4 class=\"uagb-heading-text\">Kontaktinfo:<\/h4><\/div>\n\n\n\n<p>Kui soovite meiega \u00fchendust v\u00f5tta, et saada rohkem teavet selle poliitika kohta v\u00f5i v\u00f5tta meiega \u00fchendust mis tahes k\u00fcsimustes, mis on seotud isiklike \u00f5iguste ja teie isikuandmetega, v\u00f5ite saata meili aadressile <a href=\"mailto:heililaul@gmail.com\">heililaul@gmail.com<\/a><\/p>\n","protected":false},"excerpt":{"rendered":"<p>Privaatsuspoliitika Pildisild O\u00dc veebisait kuulub Pildisild O\u00dc-le, kes on teie isikuandmete vastutav t\u00f6\u00f6tleja. Oleme vastu v\u00f5tnud k\u00e4esoleva privaatsuspoliitika, mis m\u00e4\u00e4rab, [&hellip;]<\/p>\n","protected":false},"author":1,"featured_media":0,"parent":0,"menu_order":0,"comment_status":"closed","ping_status":"closed","template":"","meta":{"_uag_custom_page_level_css":"","site-sidebar-layout":"default","site-content-layout":"","ast-site-content-layout":"default","site-content-style":"default","site-sidebar-style":"default","ast-global-header-display":"","ast-banner-title-visibility":"","ast-main-header-display":"","ast-hfb-above-header-display":"","ast-hfb-below-header-display":"","ast-hfb-mobile-header-display":"","site-post-title":"","ast-breadcrumbs-content":"","ast-featured-img":"","footer-sml-layout":"","ast-disable-related-posts":"","theme-transparent-header-meta":"","adv-header-id-meta":"","stick-header-meta":"","header-above-stick-meta":"","header-main-stick-meta":"","header-below-stick-meta":"","astra-migrate-meta-layouts":"default","ast-page-background-enabled":"default","ast-page-background-meta":{"desktop":{"background-color":"var(--ast-global-color-4)","background-image":"","background-repeat":"repeat","background-position":"center center","background-size":"auto","background-attachment":"scroll","background-type":"","background-media":"","overlay-type":"","overlay-color":"","overlay-opacity":"","overlay-gradient":""},"tablet":{"background-color":"","background-image":"","background-repeat":"repeat","background-position":"center center","background-size":"auto","background-attachment":"scroll","background-type":"","background-media":"","overlay-type":"","overlay-color":"","overlay-opacity":"","overlay-gradient":""},"mobile":{"background-color":"","background-image":"","background-repeat":"repeat","background-position":"center center","background-size":"auto","background-attachment":"scroll","background-type":"","background-media":"","overlay-type":"","overlay-color":"","overlay-opacity":"","overlay-gradient":""}},"ast-content-background-meta":{"desktop":{"background-color":"var(--ast-global-color-5)","background-image":"","background-repeat":"repeat","background-position":"center center","background-size":"auto","background-attachment":"scroll","background-type":"","background-media":"","overlay-type":"","overlay-color":"","overlay-opacity":"","overlay-gradient":""},"tablet":{"background-color":"var(--ast-global-color-5)","background-image":"","background-repeat":"repeat","background-position":"center center","background-size":"auto","background-attachment":"scroll","background-type":"","background-media":"","overlay-type":"","overlay-color":"","overlay-opacity":"","overlay-gradient":""},"mobile":{"background-color":"var(--ast-global-color-5)","background-image":"","background-repeat":"repeat","background-position":"center center","background-size":"auto","background-attachment":"scroll","background-type":"","background-media":"","overlay-type":"","overlay-color":"","overlay-opacity":"","overlay-gradient":""}},"footnotes":""},"class_list":["post-205","page","type-page","status-publish","hentry"],"spectra_custom_meta":{"_edit_lock":["1712146331:1"],"_edit_last":["1"],"rank_math_analytic_object_id":["8"],"_wp_suggested_privacy_policy_content":["a:3:{s:11:\"plugin_name\";s:9:\"WordPress\";s:11:\"policy_text\";s:4223:\"<h2 class=\"wp-block-heading\">Kes me oleme<\/h2><p><strong class=\"privacy-policy-tutorial\">Soovitatav tekst: <\/strong>Meie veebisaidi aadress on https:\/\/pildisild.com.<\/p><h2 class=\"wp-block-heading\">Kommentaarid<\/h2><p><strong class=\"privacy-policy-tutorial\">Soovitatav tekst: <\/strong>Kui k\u00fclastajad j\u00e4tavad saidile kommentaare, salvestame kommentaarivormi andmed ning ka k\u00fclastaja IP-aadressi ja veebilehitseja tunnuse, et paremini tuvastada r\u00e4mpsu.<\/p><p>Sinu e-postiaadressi p\u00f5hjal loodud anon\u00fc\u00fcmne tekstijada (r\u00e4si), mida v\u00f5idakse edastada Gravatari teenusele, et kontrollida selle kasutamist. Gravatari andmekaitsetingimused leiad siit: https:\/\/automattic.com\/privacy\/. Peale kommentaari heakskiitmist on sinu profiilipilt kommentaari juures avalikult n\u00e4htav.<\/p><h2 class=\"wp-block-heading\">Meedia<\/h2><p><strong class=\"privacy-policy-tutorial\">Soovitatav tekst: <\/strong>Kui laadid veebilehele \u00fcles pilte, v\u00e4ldi asukohainfo (EXIF GPS) salvestamist piltidesse. Veebilehe k\u00fclastajad v\u00f5ivad pildid alla laadida ja saada nii k\u00e4tte kogu neis sisalduva asukohainfo.<\/p><h2 class=\"wp-block-heading\">K\u00fcpsised<\/h2><p><strong class=\"privacy-policy-tutorial\">Soovitatav tekst: <\/strong>Kui lisad saidile kommentaari, v\u00f5id valida enda nime, e-postiaadressi ja veebilehe info salvestamise k\u00fcpsistena. Need on m\u00f5eldud mugavusvalikuna, kunas p\u00e4\u00e4sed j\u00e4rgmise kommentaari juures selle info uuesti sisestamisest. Need k\u00fcpsised s\u00e4ilivad \u00fche aasta.<\/p><p>Sisselogimislehe k\u00fclastamisel seame paika ajutise k\u00fcpsise, mis tuvastab, kas su veebilehitseja lubab k\u00fcpsiseid v\u00f5i ei.  See k\u00fcpsis ei sisalda isikuandmeid ning v\u00f5etakse veebilehitseja sulgemisel maha.<\/p><p>Kui logid sisse, kasutame mitut k\u00fcpsist sisselogimisinfo ja ekraanivalikute salvestamiseks. Sisselogimisk\u00fcpsised s\u00e4ilivad kaks p\u00e4eva, ekraanivalikute omad \u00fche aasta. Kui valid &quot;M\u00e4leta mind&quot;, j\u00e4etakse sisselogimine meelde kaheks n\u00e4dalaks. Kontolt v\u00e4lja logides sisselogimisk\u00fcpsised eemaldatakse.<\/p><p>Artikli muutmisel v\u00f5i avaldamisel salvestatakse sinu veebilehitsejasse uus k\u00fcpsis. See ei sisalda isikuandmeid ning n\u00e4itab vaid muudetud postituse tunnust. See aegub 1 p\u00e4eva p\u00e4rast.<\/p><h2 class=\"wp-block-heading\">Lisatud sisu muudelt veebisaitidelt<\/h2><p><strong class=\"privacy-policy-tutorial\">Soovitatav tekst: <\/strong>Selle veebisaidi artiklites v\u00f5ib olla lisatud sisu muudest allikatest (videod, pildid, artiklid jne). Need k\u00e4ituvad samamoodi nagu nende algse p\u00e4ritolulehe k\u00fclastamisel.<\/p><p>See veebileht v\u00f5ib koguda sinu kohta infot, kasutada k\u00fcpsiseid, lisada kolmanda osapoole j\u00e4lgimismehhanisme ja neid sinu tegevuse j\u00e4lgimiseks kasutada, kui oled sinna kasutajakonto loonud ja sisse loginud.<\/p><h2 class=\"wp-block-heading\">Kellega me andmeid jagame<\/h2><p><strong class=\"privacy-policy-tutorial\">Soovitatav tekst: <\/strong>Parooli l\u00e4htestamisel lisatakse sinu IP-aadress l\u00e4htestamiskirja.<\/p><h2 class=\"wp-block-heading\">Kui kaua me andmeid s\u00e4ilitame<\/h2><p><strong class=\"privacy-policy-tutorial\">Soovitatav tekst: <\/strong>Kommentaare ja nende metaandmeid s\u00e4ilitatakse t\u00e4htajatult, et v\u00f5imaldada j\u00e4rgnevate kommentaaride automaatset tuvastamist ja heakskiitu ilma neid modereerimisele saatmata.<\/p><p>Veebisaidil registreerunud kasutajate kohta s\u00e4ilitame infot, mida nad enda kasutajaprofiili sisestavad. K\u00f5ik kasutajad saavad enda infot igal ajal n\u00e4ha, muuta ja kustuda (erandiks on kasutajanimi, mida ei saa muuta). Seda infot saavad n\u00e4ha ja muuta ka veebisaidi haldurid.<\/p><h2 class=\"wp-block-heading\">Millised on \u00f5igused enda andmetele<\/h2><p><strong class=\"privacy-policy-tutorial\">Soovitatav tekst: <\/strong>Kui sul on sellel veebisaidil kasutajakonto v\u00f5i oled kirjutanud kommentaare, v\u00f5id taotleda faili meie poolt enda kohta k\u00e4ivate isikuandmetega, sh enda poolt sisestatud info. V\u00f5id ka taotleda k\u00f5igi enda kohta k\u00e4ivate andmete kustutamist. See ei puuduta andmeid, mida oleme kohustatud s\u00e4ilitama halduse, seaduste v\u00f5i turvalisuse vajadustest l\u00e4htuvalt.<\/p><h2 class=\"wp-block-heading\">Kuhu me andmeid saadame<\/h2><p><strong class=\"privacy-policy-tutorial\">Soovitatav tekst: <\/strong>K\u00fclastajate kommentaare saab kontrollida automaatse r\u00e4mpsufiltri abil.<\/p>\";s:7:\"updated\";i:1769443372;}","a:3:{s:11:\"plugin_name\";s:15:\"LiteSpeed Cache\";s:11:\"policy_text\";s:728:\"This site utilizes caching in order to facilitate a faster response time and better user experience. Caching potentially stores a duplicate copy of every web page that is on display on this site. All cache files are temporary, and are never accessed by any third party, except as necessary to obtain technical support from the cache plugin vendor. Cache files expire on a schedule set by the site administrator, but may easily be purged by the admin before their natural expiration, if necessary. We may use QUIC.cloud services to process &amp; cache your data temporarily. Please see <a href=\"https:\/\/quic.cloud\/privacy-policy\/\" target=\"_blank\" rel=\"noopener noreferrer\">https:\/\/quic.cloud\/privacy-policy\/<\/a> for more details.\";s:7:\"updated\";i:1769443372;}","a:3:{s:11:\"plugin_name\";s:8:\"WP Smush\";s:11:\"policy_text\";s:1180:\"<h3>Plugin: Smush<\/h3>\n<p>Note: Smush does not interact with end users on your website. The only input option Smush has is to a newsletter subscription for site admins only. If you would like to notify your users of this in your privacy policy, you can use the information below.<\/p>\n<p>Smush sends images to the WPMU DEV servers to optimise them for web use. This includes the transfer of EXIF data. The EXIF data will either be stripped or returned as it is. It is not stored on the WPMU DEV servers.<\/p>\n<p>Smush uses the Stackpath Content Delivery Network (CDN). Stackpath may store web log information of site visitors, including IPs, UA, referrer, Location and ISP info of site visitors for 7 days. Files and images served by the CDN may be stored and served from countries other than your own. Stackpath's Privacy Policy can be found <a href=\"https:\/\/www.stackpath.com\/legal\/privacy-statement\/\" target=\"_blank\">here<\/a>.<\/p>\n<p>Smush uses a third-party email service (Drip) to send informational emails to the site administrator. The administrator's email address is sent to Drip and a cookie is set by the service. Only administrator information is collected by Drip.<\/p>\n\";s:7:\"removed\";i:1769443372;}"],"_uag_css_file_name":["uag-css-205.css"]},"uagb_featured_image_src":{"full":false,"thumbnail":false,"medium":false,"medium_large":false,"large":false,"1536x1536":false,"2048x2048":false},"uagb_author_info":{"display_name":"pildisild.com","author_link":"https:\/\/pildisild.com\/index.php\/author\/lightsteelblue-turkey-272126-hostingersite-com\/"},"uagb_comment_info":0,"uagb_excerpt":"Privaatsuspoliitika Pildisild O\u00dc veebisait kuulub Pildisild O\u00dc-le, kes on teie isikuandmete vastutav t\u00f6\u00f6tleja. Oleme vastu v\u00f5tnud k\u00e4esoleva privaatsuspoliitika, mis m\u00e4\u00e4rab, [&hellip;]","_links":{"self":[{"href":"https:\/\/pildisild.com\/index.php\/wp-json\/wp\/v2\/pages\/205","targetHints":{"allow":["GET"]}}],"collection":[{"href":"https:\/\/pildisild.com\/index.php\/wp-json\/wp\/v2\/pages"}],"about":[{"href":"https:\/\/pildisild.com\/index.php\/wp-json\/wp\/v2\/types\/page"}],"author":[{"embeddable":true,"href":"https:\/\/pildisild.com\/index.php\/wp-json\/wp\/v2\/users\/1"}],"replies":[{"embeddable":true,"href":"https:\/\/pildisild.com\/index.php\/wp-json\/wp\/v2\/comments?post=205"}],"version-history":[{"count":2,"href":"https:\/\/pildisild.com\/index.php\/wp-json\/wp\/v2\/pages\/205\/revisions"}],"predecessor-version":[{"id":208,"href":"https:\/\/pildisild.com\/index.php\/wp-json\/wp\/v2\/pages\/205\/revisions\/208"}],"wp:attachment":[{"href":"https:\/\/pildisild.com\/index.php\/wp-json\/wp\/v2\/media?parent=205"}],"curies":[{"name":"wp","href":"https:\/\/api.w.org\/{rel}","templated":true}]}}